{"id":114,"date":"2019-02-14T13:09:04","date_gmt":"2019-02-14T12:09:04","guid":{"rendered":"http:\/\/thephia.de\/?page_id=114"},"modified":"2020-12-29T16:00:42","modified_gmt":"2020-12-29T15:00:42","slug":"sonnenschmuck","status":"publish","type":"page","link":"https:\/\/thephia.de\/?page_id=114","title":{"rendered":"sonnenschmuck"},"content":{"rendered":"\n<figure class=\"wp-block-image\"><a href=\"http:\/\/thephia.de\/wp-content\/uploads\/2019\/02\/team01.jpg\"><img loading=\"lazy\" width=\"1000\" height=\"670\" src=\"http:\/\/thephia.de\/wp-content\/uploads\/2019\/02\/team01.jpg\" alt=\"\" class=\"wp-image-126\" srcset=\"https:\/\/thephia.de\/wp-content\/uploads\/2019\/02\/team01.jpg 1000w, https:\/\/thephia.de\/wp-content\/uploads\/2019\/02\/team01-300x201.jpg 300w, https:\/\/thephia.de\/wp-content\/uploads\/2019\/02\/team01-768x515.jpg 768w\" sizes=\"(max-width: 1000px) 100vw, 1000px\" \/><\/a><figcaption>Nils und Sophia vor dem ehemaligen Sonnenschmuck-Atelier | Juli 2015 | Foto O. Thewes<\/figcaption><\/figure>\n\n\n\n<p><\/p>\n\n\n\n<p>2004 &#8211; in der Glaskuppel des Peilturms am Kap Arkona richtet Nils sein Goldschmiedeatelier ein. Mit befreundeten K\u00fcnstlern entsteht im Laufe der Jahre ein Besuchermagnet, der vom Kap nicht mehr wegzudenken ist. 2009 komme ich &#8211; Sophia &#8211; als Praktikantin dazu. Am &#8222;sch\u00f6nsten Arbeitsplatz Deutschlands&#8220; zeigt mir Nils, wie wir aus Edelsteinen, Gold und Silber einzigartige Schmuckst\u00fccke kreieren k\u00f6nnen. Meine erste Arbeit: einen Bernstein schleifen. Kurz darauf bauen wir Fassungen f\u00fcr viele bunte Edelsteine und bereiten die Jahresausstellung in Wiesbaden vor. Aus ein paar Monaten Praktikum sind acht Jahre Arbeit im Peilturm geworden, in denen ich unter anderem mein Studium im Bereich Edelstein- und Schmuckgestaltung abschloss. <\/p>\n\n\n\n<figure class=\"wp-block-gallery aligncenter columns-2 is-cropped\"><ul class=\"blocks-gallery-grid\"><li class=\"blocks-gallery-item\"><figure><a href=\"http:\/\/thephia.de\/wp-content\/uploads\/2019\/02\/P1050323-1024x768.jpg\"><img loading=\"lazy\" width=\"1024\" height=\"768\" src=\"http:\/\/thephia.de\/wp-content\/uploads\/2019\/02\/P1050323-1024x768.jpg\" alt=\"\" data-id=\"144\" data-link=\"http:\/\/thephia.de\/?attachment_id=144\" class=\"wp-image-144\" srcset=\"https:\/\/thephia.de\/wp-content\/uploads\/2019\/02\/P1050323-1024x768.jpg 1024w, https:\/\/thephia.de\/wp-content\/uploads\/2019\/02\/P1050323-300x225.jpg 300w, https:\/\/thephia.de\/wp-content\/uploads\/2019\/02\/P1050323-768x576.jpg 768w\" sizes=\"(max-width: 1024px) 100vw, 1024px\" \/><\/a><\/figure><\/li><li class=\"blocks-gallery-item\"><figure><a href=\"http:\/\/thephia.de\/wp-content\/uploads\/2019\/02\/P1050336-2-1024x768.jpg\"><img loading=\"lazy\" width=\"1024\" height=\"768\" src=\"http:\/\/thephia.de\/wp-content\/uploads\/2019\/02\/P1050336-2-1024x768.jpg\" alt=\"\" data-id=\"400\" data-link=\"http:\/\/thephia.de\/?attachment_id=400\" class=\"wp-image-400\" srcset=\"https:\/\/thephia.de\/wp-content\/uploads\/2019\/02\/P1050336-2-1024x768.jpg 1024w, https:\/\/thephia.de\/wp-content\/uploads\/2019\/02\/P1050336-2-300x225.jpg 300w, https:\/\/thephia.de\/wp-content\/uploads\/2019\/02\/P1050336-2-768x576.jpg 768w\" sizes=\"(max-width: 1024px) 100vw, 1024px\" \/><\/a><\/figure><\/li><li class=\"blocks-gallery-item\"><figure><a href=\"http:\/\/thephia.de\/wp-content\/uploads\/2019\/02\/P1050315-3-1024x768.jpg\"><img loading=\"lazy\" width=\"1024\" height=\"768\" src=\"http:\/\/thephia.de\/wp-content\/uploads\/2019\/02\/P1050315-3-1024x768.jpg\" alt=\"\" data-id=\"401\" data-link=\"http:\/\/thephia.de\/?attachment_id=401\" class=\"wp-image-401\" srcset=\"https:\/\/thephia.de\/wp-content\/uploads\/2019\/02\/P1050315-3-1024x768.jpg 1024w, https:\/\/thephia.de\/wp-content\/uploads\/2019\/02\/P1050315-3-300x225.jpg 300w, https:\/\/thephia.de\/wp-content\/uploads\/2019\/02\/P1050315-3-768x576.jpg 768w\" sizes=\"(max-width: 1024px) 100vw, 1024px\" \/><\/a><\/figure><\/li><\/ul><\/figure>\n\n\n\n<p>Von 2011 bis Anfang 2017 war das gesamte Geb\u00e4ude als &#8222;Schmuck- und Edelsteinturm&#8220; bekannt. &#8222;Spirits in Stones&#8220;, Vollmondn\u00e4chte, &#8222;Schmucktraumreise Vier Jahreszeiten&#8220;, die gr\u00f6\u00dfte Opalausstellung Deutschlands und der wundersch\u00f6ne Blick \u00fcber die Ostsee und das Kap sind bestimmt noch vielen von Euch in guter Erinnerung.<\/p>\n\n\n\n<p>2016 erkrankte Nils schwer, sodass wir im M\u00e4rz 2017 die Ausstellung und das Atelier abbauen mussten. Einen Gro\u00dfteil der Werkstatt habe ich \u00fcbernommen und mich im Juni 2017 am Ortseingang von Putgarten mit einem eigenen Atelier selbstst\u00e4ndig gemacht. Nils und ich haben daf\u00fcr viele Abende zusammen gesessen, kreative Ideen gesammelt, Werkzeuge gereinigt und in Erinnerungen geschwelgt. Am 26.10.2017 ist er bei seiner Familie in Bayern von uns gegangen. Wir, seine Freunde und Familie, bedanken uns herzlich f\u00fcr die Erlebnisse, Reisen, Feiern und Ausstellungen die wir mit Nils teilen durften. Mit jedem Sonnenschmuck bleibt ein St\u00fcckchen von ihm bei uns und euch.<\/p>\n\n\n\n<figure class=\"wp-block-image\"><a href=\"http:\/\/thephia.de\/wp-content\/uploads\/2019\/02\/Sonnenschmuck_NilsPeters_014-Kopie.jpg\"><img loading=\"lazy\" width=\"1024\" height=\"995\" src=\"http:\/\/thephia.de\/wp-content\/uploads\/2019\/02\/Sonnenschmuck_NilsPeters_014-Kopie-1024x995.jpg\" alt=\"\" class=\"wp-image-148\" srcset=\"https:\/\/thephia.de\/wp-content\/uploads\/2019\/02\/Sonnenschmuck_NilsPeters_014-Kopie-1024x995.jpg 1024w, https:\/\/thephia.de\/wp-content\/uploads\/2019\/02\/Sonnenschmuck_NilsPeters_014-Kopie-300x291.jpg 300w, https:\/\/thephia.de\/wp-content\/uploads\/2019\/02\/Sonnenschmuck_NilsPeters_014-Kopie-768x746.jpg 768w\" sizes=\"(max-width: 1024px) 100vw, 1024px\" \/><\/a><figcaption>Foto O. Thewes<\/figcaption><\/figure>\n\n\n\n<p>Noch gibt es Schmuckst\u00fccke von Nils. Bei Fragen k\u00f6nnt ihr euch gerne an mich wenden, nutzt dazu einfach das Kontaktformular und ich melde mich zeitnah bei euch zur\u00fcck. Der Verkauf findet im Auftrag des bestellten Nachlassverwalters RA Freitag aus Bergen statt.<\/p>\n\n\n\n<figure class=\"wp-block-embed-wordpress wp-block-embed is-type-wp-embed is-provider-the-phia\"><div class=\"wp-block-embed__wrapper\">\n<blockquote class=\"wp-embedded-content\" data-secret=\"zvh8vs4ghw\"><a href=\"https:\/\/thephia.de\/?p=173\">Halsschmuck | Nils Peters<\/a><\/blockquote><iframe title=\"&#8222;Halsschmuck | Nils Peters&#8220; &#8212; the phia\" class=\"wp-embedded-content\" sandbox=\"allow-scripts\" security=\"restricted\" style=\"position: absolute; clip: rect(1px, 1px, 1px, 1px);\" src=\"https:\/\/thephia.de\/?p=173&#038;embed=true#?secret=zvh8vs4ghw\" data-secret=\"zvh8vs4ghw\" width=\"600\" height=\"338\" frameborder=\"0\" marginwidth=\"0\" marginheight=\"0\" scrolling=\"no\"><\/iframe>\n<\/div><\/figure>\n\n\n\n<figure class=\"wp-block-embed-wordpress wp-block-embed is-type-wp-embed is-provider-the-phia\"><div class=\"wp-block-embed__wrapper\">\n<blockquote class=\"wp-embedded-content\" data-secret=\"ofmrKpaDeH\"><a href=\"https:\/\/thephia.de\/?p=160\">Ringe | Nils Peters<\/a><\/blockquote><iframe title=\"&#8222;Ringe | Nils Peters&#8220; &#8212; the phia\" class=\"wp-embedded-content\" sandbox=\"allow-scripts\" security=\"restricted\" style=\"position: absolute; clip: rect(1px, 1px, 1px, 1px);\" src=\"https:\/\/thephia.de\/?p=160&#038;embed=true#?secret=ofmrKpaDeH\" data-secret=\"ofmrKpaDeH\" width=\"600\" height=\"338\" frameborder=\"0\" marginwidth=\"0\" marginheight=\"0\" scrolling=\"no\"><\/iframe>\n<\/div><\/figure>\n\n\n\n<figure class=\"wp-block-embed-wordpress wp-block-embed is-type-wp-embed is-provider-the-phia\"><div class=\"wp-block-embed__wrapper\">\n<blockquote class=\"wp-embedded-content\" data-secret=\"GCZ7JSjJpJ\"><a href=\"https:\/\/thephia.de\/?p=152\">Eheringe, Partnerringe oder  DEIN Ring | Nils Peters<\/a><\/blockquote><iframe title=\"&#8222;Eheringe, Partnerringe oder  DEIN Ring | Nils Peters&#8220; &#8212; the phia\" class=\"wp-embedded-content\" sandbox=\"allow-scripts\" security=\"restricted\" style=\"position: absolute; clip: rect(1px, 1px, 1px, 1px);\" src=\"https:\/\/thephia.de\/?p=152&#038;embed=true#?secret=GCZ7JSjJpJ\" data-secret=\"GCZ7JSjJpJ\" width=\"600\" height=\"338\" frameborder=\"0\" marginwidth=\"0\" marginheight=\"0\" scrolling=\"no\"><\/iframe>\n<\/div><\/figure>\n\n\n\n<figure class=\"wp-block-embed-wordpress wp-block-embed is-type-wp-embed is-provider-the-phia\"><div class=\"wp-block-embed__wrapper\">\n<blockquote class=\"wp-embedded-content\" data-secret=\"4dDWsZjZ3k\"><a href=\"https:\/\/thephia.de\/?p=210\">Ohrschmuck | Nils Peters<\/a><\/blockquote><iframe title=\"&#8222;Ohrschmuck | Nils Peters&#8220; &#8212; the phia\" class=\"wp-embedded-content\" sandbox=\"allow-scripts\" security=\"restricted\" style=\"position: absolute; clip: rect(1px, 1px, 1px, 1px);\" src=\"https:\/\/thephia.de\/?p=210&#038;embed=true#?secret=4dDWsZjZ3k\" data-secret=\"4dDWsZjZ3k\" width=\"600\" height=\"338\" frameborder=\"0\" marginwidth=\"0\" marginheight=\"0\" scrolling=\"no\"><\/iframe>\n<\/div><\/figure>\n\n\n\n<figure class=\"wp-block-gallery aligncenter columns-3 is-cropped\"><ul class=\"blocks-gallery-grid\"><li class=\"blocks-gallery-item\"><figure><a href=\"http:\/\/thephia.de\/wp-content\/uploads\/2019\/02\/P1050698-1-1024x768.jpg\"><img loading=\"lazy\" width=\"1024\" height=\"768\" src=\"http:\/\/thephia.de\/wp-content\/uploads\/2019\/02\/P1050698-1-1024x768.jpg\" alt=\"\" data-id=\"381\" data-link=\"http:\/\/thephia.de\/?attachment_id=381\" class=\"wp-image-381\" srcset=\"https:\/\/thephia.de\/wp-content\/uploads\/2019\/02\/P1050698-1-1024x768.jpg 1024w, https:\/\/thephia.de\/wp-content\/uploads\/2019\/02\/P1050698-1-300x225.jpg 300w, https:\/\/thephia.de\/wp-content\/uploads\/2019\/02\/P1050698-1-768x576.jpg 768w\" sizes=\"(max-width: 1024px) 100vw, 1024px\" \/><\/a><\/figure><\/li><li class=\"blocks-gallery-item\"><figure><a href=\"http:\/\/thephia.de\/wp-content\/uploads\/2019\/02\/FEFM7213-1024x768.jpg\"><img loading=\"lazy\" width=\"1024\" height=\"768\" src=\"http:\/\/thephia.de\/wp-content\/uploads\/2019\/02\/FEFM7213-1024x768.jpg\" alt=\"\" data-id=\"382\" data-link=\"http:\/\/thephia.de\/?attachment_id=382\" class=\"wp-image-382\" srcset=\"https:\/\/thephia.de\/wp-content\/uploads\/2019\/02\/FEFM7213-1024x768.jpg 1024w, https:\/\/thephia.de\/wp-content\/uploads\/2019\/02\/FEFM7213-300x225.jpg 300w, https:\/\/thephia.de\/wp-content\/uploads\/2019\/02\/FEFM7213-768x576.jpg 768w\" sizes=\"(max-width: 1024px) 100vw, 1024px\" \/><\/a><\/figure><\/li><li class=\"blocks-gallery-item\"><figure><a href=\"http:\/\/thephia.de\/wp-content\/uploads\/2019\/02\/P1050147-1024x768.jpg\"><img loading=\"lazy\" width=\"1024\" height=\"768\" src=\"http:\/\/thephia.de\/wp-content\/uploads\/2019\/02\/P1050147-1024x768.jpg\" alt=\"\" data-id=\"383\" data-link=\"http:\/\/thephia.de\/?attachment_id=383\" class=\"wp-image-383\" srcset=\"https:\/\/thephia.de\/wp-content\/uploads\/2019\/02\/P1050147-1024x768.jpg 1024w, https:\/\/thephia.de\/wp-content\/uploads\/2019\/02\/P1050147-300x225.jpg 300w, https:\/\/thephia.de\/wp-content\/uploads\/2019\/02\/P1050147-768x576.jpg 768w\" sizes=\"(max-width: 1024px) 100vw, 1024px\" \/><\/a><\/figure><\/li><li class=\"blocks-gallery-item\"><figure><a href=\"http:\/\/thephia.de\/wp-content\/uploads\/2019\/02\/bild026.jpg\"><img loading=\"lazy\" width=\"560\" height=\"420\" src=\"http:\/\/thephia.de\/wp-content\/uploads\/2019\/02\/bild026.jpg\" alt=\"\" data-id=\"384\" data-link=\"http:\/\/thephia.de\/?attachment_id=384\" class=\"wp-image-384\" srcset=\"https:\/\/thephia.de\/wp-content\/uploads\/2019\/02\/bild026.jpg 560w, https:\/\/thephia.de\/wp-content\/uploads\/2019\/02\/bild026-300x225.jpg 300w\" sizes=\"(max-width: 560px) 100vw, 560px\" \/><\/a><\/figure><\/li><li class=\"blocks-gallery-item\"><figure><a href=\"http:\/\/thephia.de\/wp-content\/uploads\/2019\/02\/bild003-1024x681.jpg\"><img loading=\"lazy\" width=\"1024\" height=\"681\" src=\"http:\/\/thephia.de\/wp-content\/uploads\/2019\/02\/bild003-1024x681.jpg\" alt=\"\" data-id=\"385\" data-link=\"http:\/\/thephia.de\/?attachment_id=385\" class=\"wp-image-385\" srcset=\"https:\/\/thephia.de\/wp-content\/uploads\/2019\/02\/bild003-1024x681.jpg 1024w, https:\/\/thephia.de\/wp-content\/uploads\/2019\/02\/bild003-300x199.jpg 300w, https:\/\/thephia.de\/wp-content\/uploads\/2019\/02\/bild003-768x511.jpg 768w\" sizes=\"(max-width: 1024px) 100vw, 1024px\" \/><\/a><\/figure><\/li><li class=\"blocks-gallery-item\"><figure><a href=\"http:\/\/thephia.de\/wp-content\/uploads\/2019\/02\/bild037-1024x768.jpg\"><img loading=\"lazy\" width=\"1024\" height=\"768\" src=\"http:\/\/thephia.de\/wp-content\/uploads\/2019\/02\/bild037-1024x768.jpg\" alt=\"\" data-id=\"387\" data-link=\"http:\/\/thephia.de\/?attachment_id=387\" class=\"wp-image-387\" srcset=\"https:\/\/thephia.de\/wp-content\/uploads\/2019\/02\/bild037-1024x768.jpg 1024w, https:\/\/thephia.de\/wp-content\/uploads\/2019\/02\/bild037-300x225.jpg 300w, https:\/\/thephia.de\/wp-content\/uploads\/2019\/02\/bild037-768x576.jpg 768w\" sizes=\"(max-width: 1024px) 100vw, 1024px\" \/><\/a><\/figure><\/li><li class=\"blocks-gallery-item\"><figure><a href=\"http:\/\/thephia.de\/wp-content\/uploads\/2019\/02\/bild044-1024x768.jpg\"><img loading=\"lazy\" width=\"1024\" height=\"768\" src=\"http:\/\/thephia.de\/wp-content\/uploads\/2019\/02\/bild044-1024x768.jpg\" alt=\"\" data-id=\"388\" data-link=\"http:\/\/thephia.de\/?attachment_id=388\" class=\"wp-image-388\" srcset=\"https:\/\/thephia.de\/wp-content\/uploads\/2019\/02\/bild044-1024x768.jpg 1024w, https:\/\/thephia.de\/wp-content\/uploads\/2019\/02\/bild044-300x225.jpg 300w, https:\/\/thephia.de\/wp-content\/uploads\/2019\/02\/bild044-768x576.jpg 768w\" sizes=\"(max-width: 1024px) 100vw, 1024px\" \/><\/a><\/figure><\/li><li class=\"blocks-gallery-item\"><figure><a href=\"http:\/\/thephia.de\/wp-content\/uploads\/2019\/02\/bild013-1024x768.jpg\"><img loading=\"lazy\" width=\"1024\" height=\"768\" src=\"http:\/\/thephia.de\/wp-content\/uploads\/2019\/02\/bild013-1024x768.jpg\" alt=\"\" data-id=\"389\" data-link=\"http:\/\/thephia.de\/?attachment_id=389\" class=\"wp-image-389\" srcset=\"https:\/\/thephia.de\/wp-content\/uploads\/2019\/02\/bild013-1024x768.jpg 1024w, https:\/\/thephia.de\/wp-content\/uploads\/2019\/02\/bild013-300x225.jpg 300w, https:\/\/thephia.de\/wp-content\/uploads\/2019\/02\/bild013-768x576.jpg 768w\" sizes=\"(max-width: 1024px) 100vw, 1024px\" \/><\/a><\/figure><\/li><li class=\"blocks-gallery-item\"><figure><a href=\"http:\/\/thephia.de\/wp-content\/uploads\/2019\/02\/bild009-1024x577.jpg\"><img loading=\"lazy\" width=\"1024\" height=\"577\" src=\"http:\/\/thephia.de\/wp-content\/uploads\/2019\/02\/bild009-1024x577.jpg\" alt=\"\" data-id=\"393\" data-link=\"http:\/\/thephia.de\/?attachment_id=393\" class=\"wp-image-393\" srcset=\"https:\/\/thephia.de\/wp-content\/uploads\/2019\/02\/bild009-1024x577.jpg 1024w, https:\/\/thephia.de\/wp-content\/uploads\/2019\/02\/bild009-300x169.jpg 300w, https:\/\/thephia.de\/wp-content\/uploads\/2019\/02\/bild009-768x433.jpg 768w, https:\/\/thephia.de\/wp-content\/uploads\/2019\/02\/bild009.jpg 1067w\" sizes=\"(max-width: 1024px) 100vw, 1024px\" \/><\/a><\/figure><\/li><li class=\"blocks-gallery-item\"><figure><a href=\"http:\/\/thephia.de\/wp-content\/uploads\/2019\/02\/bild022-1-1024x683.jpg\"><img loading=\"lazy\" width=\"1024\" height=\"683\" src=\"http:\/\/thephia.de\/wp-content\/uploads\/2019\/02\/bild022-1-1024x683.jpg\" alt=\"\" data-id=\"394\" data-link=\"http:\/\/thephia.de\/?attachment_id=394\" class=\"wp-image-394\" srcset=\"https:\/\/thephia.de\/wp-content\/uploads\/2019\/02\/bild022-1-1024x683.jpg 1024w, https:\/\/thephia.de\/wp-content\/uploads\/2019\/02\/bild022-1-300x200.jpg 300w, https:\/\/thephia.de\/wp-content\/uploads\/2019\/02\/bild022-1-768x512.jpg 768w\" sizes=\"(max-width: 1024px) 100vw, 1024px\" \/><\/a><\/figure><\/li><\/ul><\/figure>\n\n\n\n<figure class=\"wp-block-gallery columns-3 is-cropped aligncenter\"><ul class=\"blocks-gallery-grid\"><li class=\"blocks-gallery-item\"><figure><a href=\"http:\/\/thephia.de\/wp-content\/uploads\/2019\/02\/DSC_0056-1024x681.jpg\"><img loading=\"lazy\" width=\"1024\" height=\"681\" src=\"http:\/\/thephia.de\/wp-content\/uploads\/2019\/02\/DSC_0056-1024x681.jpg\" alt=\"\" data-id=\"405\" data-link=\"http:\/\/thephia.de\/?attachment_id=405\" class=\"wp-image-405\" srcset=\"https:\/\/thephia.de\/wp-content\/uploads\/2019\/02\/DSC_0056-1024x681.jpg 1024w, https:\/\/thephia.de\/wp-content\/uploads\/2019\/02\/DSC_0056-300x199.jpg 300w, https:\/\/thephia.de\/wp-content\/uploads\/2019\/02\/DSC_0056-768x511.jpg 768w\" sizes=\"(max-width: 1024px) 100vw, 1024px\" \/><\/a><\/figure><\/li><li class=\"blocks-gallery-item\"><figure><a href=\"http:\/\/thephia.de\/wp-content\/uploads\/2019\/02\/H-001.jpg\"><img loading=\"lazy\" width=\"1000\" height=\"707\" src=\"http:\/\/thephia.de\/wp-content\/uploads\/2019\/02\/H-001.jpg\" alt=\"\" data-id=\"406\" data-link=\"http:\/\/thephia.de\/?attachment_id=406\" class=\"wp-image-406\" srcset=\"https:\/\/thephia.de\/wp-content\/uploads\/2019\/02\/H-001.jpg 1000w, https:\/\/thephia.de\/wp-content\/uploads\/2019\/02\/H-001-300x212.jpg 300w, https:\/\/thephia.de\/wp-content\/uploads\/2019\/02\/H-001-768x543.jpg 768w\" sizes=\"(max-width: 1000px) 100vw, 1000px\" \/><\/a><\/figure><\/li><li class=\"blocks-gallery-item\"><figure><a href=\"http:\/\/thephia.de\/wp-content\/uploads\/2019\/02\/Sonnenschmuck-2010-003-1024x768.jpg\"><img loading=\"lazy\" width=\"1024\" height=\"768\" src=\"http:\/\/thephia.de\/wp-content\/uploads\/2019\/02\/Sonnenschmuck-2010-003-1024x768.jpg\" alt=\"\" data-id=\"407\" data-link=\"http:\/\/thephia.de\/?attachment_id=407\" class=\"wp-image-407\" srcset=\"https:\/\/thephia.de\/wp-content\/uploads\/2019\/02\/Sonnenschmuck-2010-003-1024x768.jpg 1024w, https:\/\/thephia.de\/wp-content\/uploads\/2019\/02\/Sonnenschmuck-2010-003-300x225.jpg 300w, https:\/\/thephia.de\/wp-content\/uploads\/2019\/02\/Sonnenschmuck-2010-003-768x576.jpg 768w\" sizes=\"(max-width: 1024px) 100vw, 1024px\" \/><\/a><\/figure><\/li><li class=\"blocks-gallery-item\"><figure><a href=\"http:\/\/thephia.de\/wp-content\/uploads\/2019\/02\/H-2742-1-1024x719.jpg\"><img loading=\"lazy\" width=\"1024\" height=\"719\" src=\"http:\/\/thephia.de\/wp-content\/uploads\/2019\/02\/H-2742-1-1024x719.jpg\" alt=\"\" data-id=\"410\" data-link=\"http:\/\/thephia.de\/?attachment_id=410\" class=\"wp-image-410\" srcset=\"https:\/\/thephia.de\/wp-content\/uploads\/2019\/02\/H-2742-1-1024x719.jpg 1024w, https:\/\/thephia.de\/wp-content\/uploads\/2019\/02\/H-2742-1-300x211.jpg 300w, https:\/\/thephia.de\/wp-content\/uploads\/2019\/02\/H-2742-1-768x539.jpg 768w\" sizes=\"(max-width: 1024px) 100vw, 1024px\" \/><\/a><\/figure><\/li><li class=\"blocks-gallery-item\"><figure><a href=\"http:\/\/thephia.de\/wp-content\/uploads\/2019\/02\/DSC_0059-1-1024x668.jpg\"><img loading=\"lazy\" width=\"1024\" height=\"668\" src=\"http:\/\/thephia.de\/wp-content\/uploads\/2019\/02\/DSC_0059-1-1024x668.jpg\" alt=\"\" data-id=\"411\" data-link=\"http:\/\/thephia.de\/?attachment_id=411\" class=\"wp-image-411\" srcset=\"https:\/\/thephia.de\/wp-content\/uploads\/2019\/02\/DSC_0059-1-1024x668.jpg 1024w, https:\/\/thephia.de\/wp-content\/uploads\/2019\/02\/DSC_0059-1-300x196.jpg 300w, https:\/\/thephia.de\/wp-content\/uploads\/2019\/02\/DSC_0059-1-768x501.jpg 768w\" sizes=\"(max-width: 1024px) 100vw, 1024px\" \/><\/a><\/figure><\/li><li class=\"blocks-gallery-item\"><figure><a href=\"http:\/\/thephia.de\/wp-content\/uploads\/2019\/02\/Bernstein-37-681x1024.jpg\"><img loading=\"lazy\" width=\"681\" height=\"1024\" src=\"http:\/\/thephia.de\/wp-content\/uploads\/2019\/02\/Bernstein-37-681x1024.jpg\" alt=\"\" data-id=\"413\" data-link=\"http:\/\/thephia.de\/?attachment_id=413\" class=\"wp-image-413\" srcset=\"https:\/\/thephia.de\/wp-content\/uploads\/2019\/02\/Bernstein-37-681x1024.jpg 681w, https:\/\/thephia.de\/wp-content\/uploads\/2019\/02\/Bernstein-37-199x300.jpg 199w, https:\/\/thephia.de\/wp-content\/uploads\/2019\/02\/Bernstein-37-768x1155.jpg 768w, https:\/\/thephia.de\/wp-content\/uploads\/2019\/02\/Bernstein-37.jpg 2000w\" sizes=\"(max-width: 681px) 100vw, 681px\" \/><\/a><\/figure><\/li><li class=\"blocks-gallery-item\"><figure><a href=\"http:\/\/thephia.de\/wp-content\/uploads\/2019\/02\/P1050011-1-1024x768.jpg\"><img loading=\"lazy\" width=\"1024\" height=\"768\" src=\"http:\/\/thephia.de\/wp-content\/uploads\/2019\/02\/P1050011-1-1024x768.jpg\" alt=\"\" data-id=\"414\" data-link=\"http:\/\/thephia.de\/?attachment_id=414\" class=\"wp-image-414\" srcset=\"https:\/\/thephia.de\/wp-content\/uploads\/2019\/02\/P1050011-1-1024x768.jpg 1024w, https:\/\/thephia.de\/wp-content\/uploads\/2019\/02\/P1050011-1-300x225.jpg 300w, https:\/\/thephia.de\/wp-content\/uploads\/2019\/02\/P1050011-1-768x576.jpg 768w\" sizes=\"(max-width: 1024px) 100vw, 1024px\" \/><\/a><\/figure><\/li><li class=\"blocks-gallery-item\"><figure><a href=\"http:\/\/thephia.de\/wp-content\/uploads\/2019\/02\/H-Opaljpg.jpg\"><img loading=\"lazy\" width=\"800\" height=\"536\" src=\"http:\/\/thephia.de\/wp-content\/uploads\/2019\/02\/H-Opaljpg.jpg\" alt=\"\" data-id=\"415\" data-link=\"http:\/\/thephia.de\/?attachment_id=415\" class=\"wp-image-415\" srcset=\"https:\/\/thephia.de\/wp-content\/uploads\/2019\/02\/H-Opaljpg.jpg 800w, https:\/\/thephia.de\/wp-content\/uploads\/2019\/02\/H-Opaljpg-300x201.jpg 300w, https:\/\/thephia.de\/wp-content\/uploads\/2019\/02\/H-Opaljpg-768x515.jpg 768w\" sizes=\"(max-width: 800px) 100vw, 800px\" \/><\/a><\/figure><\/li><li class=\"blocks-gallery-item\"><figure><a href=\"http:\/\/thephia.de\/wp-content\/uploads\/2019\/02\/Sonnenschmuck_Titel.jpg\"><img loading=\"lazy\" width=\"1000\" height=\"670\" src=\"http:\/\/thephia.de\/wp-content\/uploads\/2019\/02\/Sonnenschmuck_Titel.jpg\" alt=\"\" data-id=\"416\" data-link=\"http:\/\/thephia.de\/?attachment_id=416\" class=\"wp-image-416\" srcset=\"https:\/\/thephia.de\/wp-content\/uploads\/2019\/02\/Sonnenschmuck_Titel.jpg 1000w, https:\/\/thephia.de\/wp-content\/uploads\/2019\/02\/Sonnenschmuck_Titel-300x201.jpg 300w, https:\/\/thephia.de\/wp-content\/uploads\/2019\/02\/Sonnenschmuck_Titel-768x515.jpg 768w\" sizes=\"(max-width: 1000px) 100vw, 1000px\" \/><\/a><\/figure><\/li><\/ul><\/figure>\n","protected":false},"excerpt":{"rendered":"<p>2004 &#8211; in der Glaskuppel des Peilturms am Kap Arkona richtet Nils sein Goldschmiedeatelier ein. Mit befreundeten K\u00fcnstlern entsteht im Laufe der Jahre ein Besuchermagnet, der vom Kap&#8230;<\/p>\n","protected":false},"author":1,"featured_media":0,"parent":0,"menu_order":0,"comment_status":"closed","ping_status":"closed","template":"","meta":[],"_links":{"self":[{"href":"https:\/\/thephia.de\/index.php?rest_route=\/wp\/v2\/pages\/114"}],"collection":[{"href":"https:\/\/thephia.de\/index.php?rest_route=\/wp\/v2\/pages"}],"about":[{"href":"https:\/\/thephia.de\/index.php?rest_route=\/wp\/v2\/types\/page"}],"author":[{"embeddable":true,"href":"https:\/\/thephia.de\/index.php?rest_route=\/wp\/v2\/users\/1"}],"replies":[{"embeddable":true,"href":"https:\/\/thephia.de\/index.php?rest_route=%2Fwp%2Fv2%2Fcomments&post=114"}],"version-history":[{"count":33,"href":"https:\/\/thephia.de\/index.php?rest_route=\/wp\/v2\/pages\/114\/revisions"}],"predecessor-version":[{"id":992,"href":"https:\/\/thephia.de\/index.php?rest_route=\/wp\/v2\/pages\/114\/revisions\/992"}],"wp:attachment":[{"href":"https:\/\/thephia.de\/index.php?rest_route=%2Fwp%2Fv2%2Fmedia&parent=114"}],"curies":[{"name":"wp","href":"https:\/\/api.w.org\/{rel}","templated":true}]}}